{"id":6056,"date":"2022-11-16T15:34:33","date_gmt":"2022-11-16T15:34:33","guid":{"rendered":"https:\/\/www.numassatges.cat\/aviso-legal\/"},"modified":"2022-11-16T15:43:09","modified_gmt":"2022-11-16T15:43:09","slug":"aviso-legal","status":"publish","type":"page","link":"https:\/\/www.numassatges.cat\/es\/aviso-legal\/","title":{"rendered":"Aviso Legal"},"content":{"rendered":"<div class=\"fusion-fullwidth fullwidth-box fusion-builder-row-1 fusion-flex-container nonhundred-percent-fullwidth non-hundred-percent-height-scrolling\" style=\"background-color: rgba(255,255,255,0);background-position: center center;background-repeat: no-repeat;border-width: 0px 0px 0px 0px;border-color:#eae9e9;border-style:solid;\" ><div class=\"fusion-builder-row fusion-row fusion-flex-align-items-flex-start\" style=\"max-width:1216.8px;margin-left: calc(-4% \/ 2 );margin-right: calc(-4% \/ 2 );\"><div class=\"fusion-layout-column fusion_builder_column fusion-builder-column-0 fusion_builder_column_1_1 1_1 fusion-flex-column\"><div class=\"fusion-column-wrapper fusion-flex-justify-content-flex-start fusion-content-layout-column\" style=\"background-position:left top;background-repeat:no-repeat;-webkit-background-size:cover;-moz-background-size:cover;-o-background-size:cover;background-size:cover;padding: 0px 0px 0px 0px;\"><style type=\"text\/css\">@media only screen and (max-width:1024px) {.fusion-title.fusion-title-1{margin-top:0px!important; margin-right:!important;margin-bottom:30px!important;margin-left:!important;}}<\/style><div class=\"fusion-title title fusion-title-1 fusion-title-text fusion-title-size-one\" style=\"margin-top:0px;margin-bottom:30px;\"><div class=\"title-sep-container title-sep-container-left fusion-no-large-visibility fusion-no-medium-visibility fusion-no-small-visibility\"><div class=\"title-sep sep-\" style=\"border-color:var(--awb-color3);\"><\/div><\/div><span class=\"awb-title-spacer fusion-no-large-visibility fusion-no-medium-visibility fusion-no-small-visibility\"><\/span><h1 class=\"title-heading-left fusion-responsive-typography-calculated\" style=\"margin:0;text-transform:capitalize;--fontSize:50;line-height:var(--awb-typography1-line-height);\">Aviso Legal<\/h1><span class=\"awb-title-spacer\"><\/span><div class=\"title-sep-container title-sep-container-right\"><div class=\"title-sep sep-\" style=\"border-color:var(--awb-color3);\"><\/div><\/div><\/div><div class=\"fusion-text fusion-text-1\"><p class=\"p1\"><b>Informaci\u00f3n de conformidad con el art\u00edculo 10 de la LSSI<\/b><\/p>\n<p class=\"p1\"><b><br \/><\/b><\/p>\n<p class=\"p3\"><b>La titular de esta web es:<\/b><\/p>\n<p class=\"p4\">Identidad: NURI PUJOLR\u00c0S BAR\u00d3<span class=\"Apple-converted-space\"> <\/span><\/p>\n<p class=\"p4\">NIF: 40321801H<\/p>\n<p class=\"p5\">Direcci\u00f3n: Calle San Bartolom\u00e9 <span class=\"Apple-converted-space\">5<\/span> <span class=\"Apple-converted-space\">17310 L<\/span>loret de Mar<\/p>\n<p class=\"p5\">Tel.: 626371696<\/p>\n<p class=\"p5\">Email: nuri@numassatges.cat<\/p>\n<p class=\"p5\">\n<p class=\"p3\"><b>Condiciones de uso<\/b><\/p>\n<p class=\"p3\"> El uso de esta web implica la aceptaci\u00f3n plena de los t\u00e9rminos y condiciones del presente aviso legal.<span class=\"Apple-converted-space\"> <\/span><\/p>\n<p class=\"p3\"><span class=\"Apple-converted-space\"><br \/><\/span><\/p>\n<p class=\"p3\"><b>Propiedad intelectual e industrial<\/b><\/p>\n<p class=\"p3\">La totalidad del contenido de este sitio web, ya sean textos, im\u00e1genes, sonidos, marcas, logotipos u otros elementos, as\u00ed como subestructura, dise\u00f1o, combinaciones de colores o forma de presentaci\u00f3n de los materiales, est\u00e1n protegidos por derechos de propiedad industrial e intelectual que el usuario de este sitio web debe respetar. No es l\u00edcita su transformaci\u00f3n o alteraci\u00f3n, comunicaci\u00f3n p\u00fablica o cualquier otra forma de explotaci\u00f3n por cualquier procedimiento sin la autorizaci\u00f3n expresa de NURI PUJOLR\u00c0S BAR\u00d3.<\/p>\n<p class=\"p3\"><b><br \/><\/b><\/p>\n<p class=\"p3\"><b>Responsabilidad sobre los contenidos<\/b><\/p>\n<p class=\"p3\">Aunque NURI PUJOLR\u00c0S BAR\u00d3 act\u00faa con la m\u00e1xima diligencia posible, puede darse el caso de que alg\u00fan dato o informaci\u00f3n no est\u00e9 del todo actualizada en el momento que el usuario del sitio web lo consulte. Por ello, las informaciones que se presentan en esta web tienen una funci\u00f3n orientativa y no obligan a NURI PUJOLR\u00c0S BAR\u00d3.<\/p>\n<p class=\"p3\">NURI PUJOLR\u00c0S BAR\u00d3 no ser\u00e1 responsable de la informaci\u00f3n que se pueda obtener a trav\u00e9s de enlaces incluidos en su web.<\/p>\n<p class=\"p3\">NURI PUJOLR\u00c0S BAR\u00d3 se reserva la facultad de realizar, en cualquier momento y sin necesidad de preaviso, modificaciones o actualizaciones de la informaci\u00f3n y de cualquiera de los elementos que integren el dise\u00f1o y configuraci\u00f3n de la p\u00e1gina web.<\/p>\n<p class=\"p3\">\n<p class=\"p3\"><b>Ley aplicable y jurisdicci\u00f3n:<\/b><\/p>\n<p class=\"p3\">El uso de este sitio web implica la aceptaci\u00f3n plena de los t\u00e9rminos y condiciones de la presente pol\u00edtica legal. Los posibles conflictos relativos a esta web se regir\u00e1n o interpretar\u00e1n conforme a la legislaci\u00f3n espa\u00f1ola y se someter\u00e1n a los Juzgados y Tribunales del domicilio del usuario, cuando este tenga la condici\u00f3n de consumidor o usuario de conformidad con el art. 3 del Real Decreto Legislativo 1\/2007, de 16 de noviembre, por el que se aprueba el texto refundido de la Ley General para la Defensa de los Consumidores y Usuarios y otras leyes complementarias; en caso contrario, ser\u00e1n competentes los Juzgados y Tribunales del domicilio de <span class=\"Apple-converted-space\">  <\/span>NURI PUJOLR\u00c0S BAR\u00d3.<\/p>\n<\/div><\/div><style type=\"text\/css\">.fusion-body .fusion-builder-column-0{width:100% !important;margin-top : 0px;margin-bottom : 20px;}.fusion-builder-column-0 > .fusion-column-wrapper {padding-top : 0px !important;padding-right : 0px !important;margin-right : 1.92%;padding-bottom : 0px !important;padding-left : 0px !important;margin-left : 1.92%;}@media only screen and (max-width:1024px) {.fusion-body .fusion-builder-column-0{width:100% !important;order : 0;}.fusion-builder-column-0 > .fusion-column-wrapper {margin-right : 1.92%;margin-left : 1.92%;}}@media only screen and (max-width:640px) {.fusion-body .fusion-builder-column-0{width:100% !important;order : 0;}.fusion-builder-column-0 > .fusion-column-wrapper {margin-right : 1.92%;margin-left : 1.92%;}}<\/style><\/div><\/div><style type=\"text\/css\">.fusion-body .fusion-flex-container.fusion-builder-row-1{ padding-top : 0px;margin-top : 0px;padding-right : 0px;padding-bottom : 0px;margin-bottom : 0px;padding-left : 0px;}<\/style><\/div>\n","protected":false},"excerpt":{"rendered":"","protected":false},"author":1,"featured_media":0,"parent":0,"menu_order":0,"comment_status":"closed","ping_status":"closed","template":"","meta":{"footnotes":""},"class_list":["post-6056","page","type-page","status-publish","hentry"],"yoast_head":"<!-- This site is optimized with the Yoast SEO plugin v26.2 - https:\/\/yoast.com\/wordpress\/plugins\/seo\/ -->\n<title>Aviso Legal - Numassatges<\/title>\n<meta name=\"robots\" content=\"index, follow, max-snippet:-1, max-image-preview:large, max-video-preview:-1\" \/>\n<link rel=\"canonical\" href=\"https:\/\/www.numassatges.cat\/es\/aviso-legal\/\" \/>\n<meta property=\"og:locale\" content=\"es_ES\" \/>\n<meta property=\"og:type\" content=\"article\" \/>\n<meta property=\"og:title\" content=\"Aviso Legal - Numassatges\" \/>\n<meta property=\"og:url\" content=\"https:\/\/www.numassatges.cat\/es\/aviso-legal\/\" \/>\n<meta property=\"og:site_name\" content=\"Numassatges\" \/>\n<meta property=\"article:modified_time\" content=\"2022-11-16T15:43:09+00:00\" \/>\n<meta name=\"twitter:card\" content=\"summary_large_image\" \/>\n<meta name=\"twitter:label1\" content=\"Tiempo de lectura\" \/>\n\t<meta name=\"twitter:data1\" content=\"4 minutos\" \/>\n<script type=\"application\/ld+json\" class=\"yoast-schema-graph\">{\"@context\":\"https:\/\/schema.org\",\"@graph\":[{\"@type\":\"WebPage\",\"@id\":\"https:\/\/www.numassatges.cat\/es\/aviso-legal\/\",\"url\":\"https:\/\/www.numassatges.cat\/es\/aviso-legal\/\",\"name\":\"Aviso Legal - Numassatges\",\"isPartOf\":{\"@id\":\"https:\/\/www.numassatges.cat\/es\/#website\"},\"datePublished\":\"2022-11-16T15:34:33+00:00\",\"dateModified\":\"2022-11-16T15:43:09+00:00\",\"breadcrumb\":{\"@id\":\"https:\/\/www.numassatges.cat\/es\/aviso-legal\/#breadcrumb\"},\"inLanguage\":\"es\",\"potentialAction\":[{\"@type\":\"ReadAction\",\"target\":[\"https:\/\/www.numassatges.cat\/es\/aviso-legal\/\"]}]},{\"@type\":\"BreadcrumbList\",\"@id\":\"https:\/\/www.numassatges.cat\/es\/aviso-legal\/#breadcrumb\",\"itemListElement\":[{\"@type\":\"ListItem\",\"position\":1,\"name\":\"Portada\",\"item\":\"https:\/\/www.numassatges.cat\/es\/inicio\/\"},{\"@type\":\"ListItem\",\"position\":2,\"name\":\"Aviso Legal\"}]},{\"@type\":\"WebSite\",\"@id\":\"https:\/\/www.numassatges.cat\/es\/#website\",\"url\":\"https:\/\/www.numassatges.cat\/es\/\",\"name\":\"Numassatges\",\"description\":\"Espai de Massatges i Naturopatia Nuri Pujolr\u00e0s\",\"potentialAction\":[{\"@type\":\"SearchAction\",\"target\":{\"@type\":\"EntryPoint\",\"urlTemplate\":\"https:\/\/www.numassatges.cat\/es\/?s={search_term_string}\"},\"query-input\":{\"@type\":\"PropertyValueSpecification\",\"valueRequired\":true,\"valueName\":\"search_term_string\"}}],\"inLanguage\":\"es\"}]}<\/script>\n<!-- \/ Yoast SEO plugin. -->","yoast_head_json":{"title":"Aviso Legal - Numassatges","robots":{"index":"index","follow":"follow","max-snippet":"max-snippet:-1","max-image-preview":"max-image-preview:large","max-video-preview":"max-video-preview:-1"},"canonical":"https:\/\/www.numassatges.cat\/es\/aviso-legal\/","og_locale":"es_ES","og_type":"article","og_title":"Aviso Legal - Numassatges","og_url":"https:\/\/www.numassatges.cat\/es\/aviso-legal\/","og_site_name":"Numassatges","article_modified_time":"2022-11-16T15:43:09+00:00","twitter_card":"summary_large_image","twitter_misc":{"Tiempo de lectura":"4 minutos"},"schema":{"@context":"https:\/\/schema.org","@graph":[{"@type":"WebPage","@id":"https:\/\/www.numassatges.cat\/es\/aviso-legal\/","url":"https:\/\/www.numassatges.cat\/es\/aviso-legal\/","name":"Aviso Legal - Numassatges","isPartOf":{"@id":"https:\/\/www.numassatges.cat\/es\/#website"},"datePublished":"2022-11-16T15:34:33+00:00","dateModified":"2022-11-16T15:43:09+00:00","breadcrumb":{"@id":"https:\/\/www.numassatges.cat\/es\/aviso-legal\/#breadcrumb"},"inLanguage":"es","potentialAction":[{"@type":"ReadAction","target":["https:\/\/www.numassatges.cat\/es\/aviso-legal\/"]}]},{"@type":"BreadcrumbList","@id":"https:\/\/www.numassatges.cat\/es\/aviso-legal\/#breadcrumb","itemListElement":[{"@type":"ListItem","position":1,"name":"Portada","item":"https:\/\/www.numassatges.cat\/es\/inicio\/"},{"@type":"ListItem","position":2,"name":"Aviso Legal"}]},{"@type":"WebSite","@id":"https:\/\/www.numassatges.cat\/es\/#website","url":"https:\/\/www.numassatges.cat\/es\/","name":"Numassatges","description":"Espai de Massatges i Naturopatia Nuri Pujolr\u00e0s","potentialAction":[{"@type":"SearchAction","target":{"@type":"EntryPoint","urlTemplate":"https:\/\/www.numassatges.cat\/es\/?s={search_term_string}"},"query-input":{"@type":"PropertyValueSpecification","valueRequired":true,"valueName":"search_term_string"}}],"inLanguage":"es"}]}},"_links":{"self":[{"href":"https:\/\/www.numassatges.cat\/es\/wp-json\/wp\/v2\/pages\/6056","targetHints":{"allow":["GET"]}}],"collection":[{"href":"https:\/\/www.numassatges.cat\/es\/wp-json\/wp\/v2\/pages"}],"about":[{"href":"https:\/\/www.numassatges.cat\/es\/wp-json\/wp\/v2\/types\/page"}],"author":[{"embeddable":true,"href":"https:\/\/www.numassatges.cat\/es\/wp-json\/wp\/v2\/users\/1"}],"replies":[{"embeddable":true,"href":"https:\/\/www.numassatges.cat\/es\/wp-json\/wp\/v2\/comments?post=6056"}],"version-history":[{"count":1,"href":"https:\/\/www.numassatges.cat\/es\/wp-json\/wp\/v2\/pages\/6056\/revisions"}],"predecessor-version":[{"id":6058,"href":"https:\/\/www.numassatges.cat\/es\/wp-json\/wp\/v2\/pages\/6056\/revisions\/6058"}],"wp:attachment":[{"href":"https:\/\/www.numassatges.cat\/es\/wp-json\/wp\/v2\/media?parent=6056"}],"curies":[{"name":"wp","href":"https:\/\/api.w.org\/{rel}","templated":true}]}}