{"id":6067,"date":"2022-11-16T15:53:39","date_gmt":"2022-11-16T15:53:39","guid":{"rendered":"https:\/\/www.numassatges.cat\/politica-de-privacidad\/"},"modified":"2022-11-17T08:11:06","modified_gmt":"2022-11-17T08:11:06","slug":"politica-de-privacidad","status":"publish","type":"page","link":"https:\/\/www.numassatges.cat\/es\/politica-de-privacidad\/","title":{"rendered":"Pol\u00edtica de privacidad"},"content":{"rendered":"<p><div class=\"fusion-fullwidth fullwidth-box fusion-builder-row-1 fusion-flex-container nonhundred-percent-fullwidth non-hundred-percent-height-scrolling\" style=\"background-color: rgba(255,255,255,0);background-position: center center;background-repeat: no-repeat;border-width: 0px 0px 0px 0px;border-color:#eae9e9;border-style:solid;\" ><div class=\"fusion-builder-row fusion-row fusion-flex-align-items-flex-start\" style=\"max-width:1216.8px;margin-left: calc(-4% \/ 2 );margin-right: calc(-4% \/ 2 );\"><div class=\"fusion-layout-column fusion_builder_column fusion-builder-column-0 fusion_builder_column_1_1 1_1 fusion-flex-column\"><div class=\"fusion-column-wrapper fusion-flex-justify-content-flex-start fusion-content-layout-column\" style=\"background-position:left top;background-repeat:no-repeat;-webkit-background-size:cover;-moz-background-size:cover;-o-background-size:cover;background-size:cover;padding: 0px 0px 0px 0px;\"><style type=\"text\/css\">@media only screen and (max-width:1024px) {.fusion-title.fusion-title-1{margin-top:0px!important; margin-right:!important;margin-bottom:30px!important;margin-left:!important;}}<\/style><div class=\"fusion-title title fusion-title-1 fusion-title-text fusion-title-size-one\" style=\"margin-top:0px;margin-bottom:30px;\"><div class=\"title-sep-container title-sep-container-left fusion-no-large-visibility fusion-no-medium-visibility fusion-no-small-visibility\"><div class=\"title-sep sep-\" style=\"border-color:var(--awb-color3);\"><\/div><\/div><span class=\"awb-title-spacer fusion-no-large-visibility fusion-no-medium-visibility fusion-no-small-visibility\"><\/span><h1 class=\"title-heading-left fusion-responsive-typography-calculated\" style=\"margin:0;text-transform:capitalize;--fontSize:50;line-height:var(--awb-typography1-line-height);\"><p class=\"p1\"><b>Pol\u00edtica de privacidad<\/b><\/p><\/h1><span class=\"awb-title-spacer\"><\/span><div class=\"title-sep-container title-sep-container-right\"><div class=\"title-sep sep-\" style=\"border-color:var(--awb-color3);\"><\/div><\/div><\/div><\/div><style type=\"text\/css\">.fusion-body .fusion-builder-column-0{width:100% !important;margin-top : 0px;margin-bottom : 20px;}.fusion-builder-column-0 > .fusion-column-wrapper {padding-top : 0px !important;padding-right : 0px !important;margin-right : 1.92%;padding-bottom : 0px !important;padding-left : 0px !important;margin-left : 1.92%;}@media only screen and (max-width:1024px) {.fusion-body .fusion-builder-column-0{width:100% !important;order : 0;}.fusion-builder-column-0 > .fusion-column-wrapper {margin-right : 1.92%;margin-left : 1.92%;}}@media only screen and (max-width:640px) {.fusion-body .fusion-builder-column-0{width:100% !important;order : 0;}.fusion-builder-column-0 > .fusion-column-wrapper {margin-right : 1.92%;margin-left : 1.92%;}}<\/style><\/div><\/div><style type=\"text\/css\">.fusion-body .fusion-flex-container.fusion-builder-row-1{ padding-top : 0px;margin-top : 0px;padding-right : 0px;padding-bottom : 0px;margin-bottom : 0px;padding-left : 0px;}<\/style><\/div><div class=\"fusion-fullwidth fullwidth-box fusion-builder-row-2 fusion-flex-container nonhundred-percent-fullwidth non-hundred-percent-height-scrolling\" style=\"background-color: rgba(255,255,255,0);background-position: center center;background-repeat: no-repeat;border-width: 0px 0px 0px 0px;border-color:#eae9e9;border-style:solid;\" ><div class=\"fusion-builder-row fusion-row fusion-flex-align-items-flex-start\" style=\"max-width:1216.8px;margin-left: calc(-4% \/ 2 );margin-right: calc(-4% \/ 2 );\"><div class=\"fusion-layout-column fusion_builder_column fusion-builder-column-1 fusion_builder_column_1_1 1_1 fusion-flex-column\"><div class=\"fusion-column-wrapper fusion-flex-justify-content-flex-start fusion-content-layout-column\" style=\"background-position:left top;background-repeat:no-repeat;-webkit-background-size:cover;-moz-background-size:cover;-o-background-size:cover;background-size:cover;padding: 0px 0px 0px 0px;\"><div class=\"fusion-text fusion-text-1\"><p style=\"font-size: 14px;\" data-fusion-font=\"true\">11 de octubre de 2022<\/p>\n<p>NURI PUJOLR\u00c0S BAR\u00d3, se compromete a proteger la privacidad de los usuarios que accedan a esta web y\/o cualquiera de sus servicios. a utilizaci\u00f3n de la web y\/o de cualquiera de los servicios ofrecidos por NURI PUJOLR\u00c0S BAR\u00d3 implica la aceptaci\u00f3n por el usuario de las disposiciones contenidas en la presente Pol\u00edtica de Privacidad y que sus datos personales sean tratados seg\u00fan se estipula en ella. Por favor, tenga en cuenta que a pesar de que pueda haber enlaces de nuestra web a otras webs o redes sociales, esta Pol\u00edtica de Privacidad no se aplica a las webs de otras compa\u00f1\u00edas u organizaciones a las que la web est\u00e9 redirigida. NURI PUJOLR\u00c0S BAR\u00d3 no controla el contenido de las webs de terceros, ni acepta cualquier responsabilidad por el contenido o las pol\u00edticas de privacidad de estas webs.<\/p>\n<p>&nbsp;<\/p>\n<p><b>Informaci\u00f3n b\u00e1sica sobre el tratamiento de datos (Reglamento (UE) 2016\/679 y LO 3\/2018)<\/b><\/p>\n<p><b> <\/b><\/p>\n<p><b> <\/b><\/p>\n<\/div>\n<div class=\"table-1\">\n<table width=\"100%\">\n<thead>\n<tr>\n<th align=\"left\">\n<p class=\"p1\"><b>Responsable del tratamiento<\/b><\/p>\n<\/th>\n<th align=\"left\">\n<p class=\"p1\">NURI PUJOLR\u00c0S BAR\u00d3<\/p>\n<p class=\"p2\">NIF: 40321801H<\/p>\n<p class=\"p3\">Calle San Bartolom\u00e9 5<span class=\"Apple-converted-space\"> <\/span>17310<span class=\"Apple-converted-space\"> <\/span>Lloret de Mar<span class=\"Apple-converted-space\"> <\/span><\/p>\n<p class=\"p4\">Email: nuri@numassatges.cat<\/p>\n<\/th>\n<\/tr>\n<\/thead>\n<tbody>\n<tr>\n<td align=\"left\">\n<p class=\"p1\"><b>Finalidad del tratamiento<\/b><\/p>\n<\/td>\n<td align=\"left\">\n<p class=\"p1\">Ofrecer y gestionar nuestros servicios de masajes y terapias naturales.<\/p>\n<\/td>\n<\/tr>\n<tr>\n<td align=\"left\">\n<p class=\"p1\"><b>Legitimaci\u00f3n<\/b><\/p>\n<\/td>\n<td align=\"left\">\n<p class=\"p1\">Consentimiento obtenido del interesado cuando nos solicita informaci\u00f3n.<\/p>\n<p class=\"p1\">Ejecuci\u00f3n del contrato de servicios cuando contrata con nosotros.<\/p>\n<\/td>\n<\/tr>\n<tr>\n<td align=\"left\">\n<p class=\"p1\"><b>Destinatarios<\/b><\/p>\n<\/td>\n<td align=\"left\">\n<p class=\"p1\">Los datos no ser\u00e1n comunicados a terceros, salvo que lo exija una Ley o sea necesario para cumplir con la finalidad del tratamiento.<\/p>\n<\/td>\n<\/tr>\n<tr>\n<td align=\"left\">\n<p class=\"p1\"><b>Derechos de las personas<\/b><\/p>\n<\/td>\n<td align=\"left\">\n<p class=\"p1\">Los interesados tienen derecho a ejercer los derechos de acceso, rectificaci\u00f3n, limitaci\u00f3n de tratamiento, supresi\u00f3n, portabilidad y oposici\u00f3n, enviando su solicitud a nuestra direcci\u00f3n.<\/p>\n<\/td>\n<\/tr>\n<tr>\n<td align=\"left\">\n<p class=\"p1\"><b>Plazo de conservaci\u00f3n de los datos<\/b><\/p>\n<\/td>\n<td align=\"left\">\n<p class=\"p1\">Mientras se mantenga la relaci\u00f3n comercial o durante los a\u00f1os necesarios para cumplir con las obligaciones legales.<\/p>\n<\/td>\n<\/tr>\n<tr>\n<td align=\"left\">\n<p class=\"p1\"><b>Reclamaci\u00f3n<\/b><\/p>\n<\/td>\n<td align=\"left\">\n<p class=\"p1\">Los interesados pueden dirigirse a la AEPD para presentar la reclamaci\u00f3n que considere oportuna.<\/p>\n<\/td>\n<\/tr>\n<tr>\n<td align=\"left\">\n<p class=\"p1\"><b>Informaci\u00f3n adicional<\/b><\/p>\n<\/td>\n<td align=\"left\">\n<p class=\"p1\">Puede consultar la informaci\u00f3n adicional y detallada a continuaci\u00f3n en las \u00abPreguntas sobre privacidad\u00bb.<\/p>\n<\/td>\n<\/tr>\n<\/tbody>\n<\/table>\n<\/div>\n<div class=\"fusion-text fusion-text-2\"><p style=\"font-size: 14px;\" data-fusion-font=\"true\"><span style=\"background-color: rgba(255, 255, 255, 0); color: var(--body_typography-color); font-family: var(--body_typography-font-family); font-size: var(--body_typography-font-size); font-style: var(--body_typography-font-style,normal); font-weight: var(--body_typography-font-weight); letter-spacing: var(--body_typography-letter-spacing);\"> <\/span><\/p>\n<p><b><u>Preguntas sobre privacidad<\/u><\/b><\/p>\n<p>En cumplimiento del Reglamento (UE) 2016\/679 del Parlamento Europeo y del Consejo, de 27 de abril de 2016, (RGPD), y la Ley Org\u00e1nica 3\/2018, de 5 de diciembre, de Protecci\u00f3n de Datos Personales y garant\u00eda de los derechos digitales (LOPDGDD, le ofrecemos la siguiente informaci\u00f3n sobre el tratamiento de sus datos personales:<\/p>\n<p>&nbsp;<\/p>\n<p><b>\u00bfQui\u00e9n es el responsable del tratamiento de sus datos?<\/b><\/p>\n<p>Identidad: NURI PUJOLR\u00c0S BAR\u00d3<\/p>\n<p>NIF: 40321801H<\/p>\n<p>Direcci\u00f3n: Calle San Bartolom\u00e9 5 17310 Lloret de Mar<\/p>\n<p>Tel.: 626371696<\/p>\n<p>Email: nuri@numassatges.cat<\/p>\n<p>&nbsp;<\/p>\n<p><b>\u00bfCon qu\u00e9 finalidad tratamos sus datos personales?<\/b><\/p>\n<ul>\n<li>Tratamos la informaci\u00f3n que se nos facilita para gestionar nuestros servicios de masajes y terapias naturales.<\/li>\n<li>En el caso de que se ponga en contacto con nosotros a trav\u00e9s del formulario de contacto de nuestra p\u00e1gina web, los trataremos para gestionar su consulta.<\/li>\n<li>Tambi\u00e9n podremos utilizar sus datos para informar sobre futuras promociones, ofertas y otras acciones comerciales en los casos en que usted ya sea cliente o, si no lo es, cuando nos haya proporcionado su consentimiento en el correspondiente apartado.<\/li>\n<\/ul>\n<p>&nbsp;<\/p>\n<p><b>\u00bfCu\u00e1nto tiempo conservaremos sus datos?<\/b><\/p>\n<p>Los datos personales proporcionados se conservar\u00e1n mientras sea usuario de nuestros servicios o quiera recibir informaci\u00f3n, dado que puede oponerse al tratamiento de sus datos con fines promocionales, cuando nos los facilite o en cualquier momento posterior, comunic\u00e1ndonoslo al correo nuri@numassatges.cat, y luego, durante los plazos establecidos para cumplir con nuestras obligaciones legales, que en el caso documentaci\u00f3n contable y fiscal a efectos mercantiles ser\u00e1n 6 a\u00f1os, de conformidad con el Art. 30 del C\u00f3digo Comercio, y a efectos fiscales ser\u00e1n 4 a\u00f1os, de acuerdo con los art\u00edculos 66 a 70 de la Ley General Tributaria.<\/p>\n<p>&nbsp;<\/p>\n<p><b>\u00bfCu\u00e1l es la legitimaci\u00f3n para el tratamiento de sus datos?<\/b><\/p>\n<p>Para la gesti\u00f3n de la relaci\u00f3n contractual con el interesado basaremos el tratamiento de los datos en la ejecuci\u00f3n del contrato o en el marco de la relaci\u00f3n precontractual.<\/p>\n<p>Para el env\u00edo de informaci\u00f3n comercial basaremos el tratamiento en su consentimiento, aunque si ya es cliente podremos enviarle informaci\u00f3n sobre Vales Regalo similares, proporcionando siempre un medio sencillo y gratuito para darse de baja, de acuerdo con lo dispuesto en el art\u00edculo 21.2 de la Ley 34\/2002, de 11 de julio, de servicios de la sociedad de la informaci\u00f3n y de comercio electr\u00f3nico.<\/p>\n<p>Respecto a aquella informaci\u00f3n que sea remitida por menores de 14 a\u00f1os, ser\u00e1 requisito imprescindible que se haga con el consentimiento paterno, del tutor o del legal representante del menor para que los datos personales puedan ser objeto de tratamiento. Si no es as\u00ed, el representante legal del menor nos lo comunicar\u00e1 tan pronto como tenga conocimiento.<\/p>\n<p>&nbsp;<\/p>\n<p><b>\u00bfA qu\u00e9 destinatarios se comunicar\u00e1n sus datos?<\/b><\/p>\n<p>Los datos no ser\u00e1n comunicados a terceros, salvo que lo exija una ley o sea necesario para cumplir con la finalidad del tratamiento, como ser\u00e1 el caso de la empresa Squareup International Limited, con sede en Irlanda, que proporciona el canal de compra de los Vales Regalo que se pueden adquirir en nuestra web. Squareup es una entidad autorizada y sujeta a la supervisi\u00f3n del Banco Central de Irlanda. Puede visitar su pol\u00edtica de privacidad en <a href=\"https:\/\/squareup.com\/es\/es\/legal\/general\/privacy\" target=\"_blank\" rel=\"noopener noreferrer\">https:\/\/squareup.com\/es\/es\/legal\/general\/privacy<\/a> <\/p>\n<p>En caso de que realicemos alguna promoci\u00f3n o sorteo, los datos de los ganadores s\u00ed que se publicar\u00e1n en nuestra web y en nuestras redes sociales para hacer difusi\u00f3n de nuestras actividades.<\/p>\n<p>&nbsp;<\/p>\n<p><b>\u00bfCu\u00e1les son sus derechos cuando nos facilita sus datos?<\/b><\/p>\n<ul>\n<li>Cualquier persona tiene derecho a obtener confirmaci\u00f3n sobre si estamos tratando o no sus datos personales.<\/li>\n<li>Los interesados tienen derecho a acceder a sus datos personales, as\u00ed como a solicitar la rectificaci\u00f3n de los datos inexactos o, en su caso, solicitar su supresi\u00f3n cuando, entre otros motivos, los datos ya no sean necesarios para las finalidades para las que se recogieron.<\/li>\n<li>En determinadas circunstancias los interesados podr\u00e1n solicitar la limitaci\u00f3n del tratamiento de sus datos, en este caso \u00fanicamente los conservaremos para el ejercicio o la defensa de reclamaciones.<\/li>\n<li>Tambi\u00e9n, en determinadas circunstancias y por motivos relacionados con su situaci\u00f3n particular, los interesados pueden oponerse al tratamiento de sus datos. En este caso dejaremos de tratar los datos, excepto por motivos leg\u00edtimos imperiosos o para el ejercicio o la defensa de posibles reclamaciones.<\/li>\n<li>Los interesados tambi\u00e9n tienen derecho a la portabilidad de sus datos.<\/li>\n<li>Todo interesado tendr\u00e1 derecho a no ser objeto de una decisi\u00f3n basada \u00fanicamente en el tratamiento automatizado, incluida la elaboraci\u00f3n de perfiles, que produzca efectos jur\u00eddicos en \u00e9l o le afecte significativamente de modo similar.<\/li>\n<li>Finalmente, los interesados tienen derecho a presentar una reclamaci\u00f3n ante la Autoridad de Control competente.<\/li>\n<\/ul>\n<p>&nbsp;<\/p>\n<p><b>\u00bfC\u00f3mo puede ejercer sus derechos? <\/b><\/p>\n<p>Enviando un escrito adjuntando una copia de un documento que lo identifique, a nuestra direcci\u00f3n f\u00edsica o la electr\u00f3nica.<\/p>\n<p>&nbsp;<\/p>\n<p><b>\u00bfC\u00f3mo hemos obtenido sus datos?<\/b><\/p>\n<p>Los datos personales que tratamos proceden del propio interesado. El interesado garantiza que los datos personales facilitados son ciertos y se hace responsable de comunicar cualquier modificaci\u00f3n de estos. Los datos que est\u00e9n marcados con un asterisco ser\u00e1n obligatorios para poder darle el servicio solicitado.<\/p>\n<p>&nbsp;<\/p>\n<p><b>\u00bfQu\u00e9 datos tratamos?<\/b><\/p>\n<p>Les categories de dades que podem tractar s\u00f3n:<\/p>\n<ul>\n<li>Datos de car\u00e1cter identificativo<\/li>\n<li>Direcciones postales o electr\u00f3nicas<\/li>\n<li>Datos de transacciones de bienes y servicios<\/li>\n<\/ul>\n<p>Los datos son limitados, dado que \u00fanicamente tratamos los datos necesarios para la prestaci\u00f3n de nuestros servicios y la gesti\u00f3n de nuestra actividad.<\/p>\n<p>&nbsp;<\/p>\n<p><b>\u00bfUsamos cookies?<\/b><\/p>\n<p>Vea nuestra pol\u00edtica de cookies.<\/p>\n<p>El usuario puede configurar su navegador para ser avisado de la utilizaci\u00f3n de cookies y para evitar su uso.<\/p>\n<p>&nbsp;<\/p>\n<p><b>\u00bfQu\u00e9 medidas de seguridad aplicamos?<\/b><\/p>\n<p>Aplicamos las medidas de seguridad establecidas en el art\u00edculo 32 del RGPD, por tanto, hemos adoptado las medidas de seguridad necesarias para garantizar un nivel de seguridad adecuado al riesgo del tratamiento de datos que realizamos, con mecanismos que nos permiten garantizar la confidencialidad, integridad, disponibilidad y resiliencia permanente de los sistemas y servicios de tratamiento.<\/p>\n<p>&nbsp;<\/p>\n<p>Algunas de estas medidas son:<\/p>\n<ul>\n<li>Informaci\u00f3n de las pol\u00edticas de tratamiento de datos al personal.<\/li>\n<li>Realizaci\u00f3n de copias de seguridad peri\u00f3dicas.<\/li>\n<li>Control de acceso a los datos.<\/li>\n<li>Procesos de verificaci\u00f3n, evaluaci\u00f3n y valoraci\u00f3n regulares.<\/li>\n<\/ul>\n<\/div><\/div><style type=\"text\/css\">.fusion-body .fusion-builder-column-1{width:100% !important;margin-top : 0px;margin-bottom : 20px;}.fusion-builder-column-1 > .fusion-column-wrapper {padding-top : 0px !important;padding-right : 0px !important;margin-right : 1.92%;padding-bottom : 0px !important;padding-left : 0px !important;margin-left : 1.92%;}@media only screen and (max-width:1024px) {.fusion-body .fusion-builder-column-1{width:100% !important;order : 0;}.fusion-builder-column-1 > .fusion-column-wrapper {margin-right : 1.92%;margin-left : 1.92%;}}@media only screen and (max-width:640px) {.fusion-body .fusion-builder-column-1{width:100% !important;order : 0;}.fusion-builder-column-1 > .fusion-column-wrapper {margin-right : 1.92%;margin-left : 1.92%;}}<\/style><\/div><\/div><style type=\"text\/css\">.fusion-body .fusion-flex-container.fusion-builder-row-2{ padding-top : 0px;margin-top : 0px;padding-right : 0px;padding-bottom : 0px;margin-bottom : 0px;padding-left : 0px;}<\/style><\/div><\/p>\n","protected":false},"excerpt":{"rendered":"","protected":false},"author":1,"featured_media":0,"parent":0,"menu_order":0,"comment_status":"closed","ping_status":"closed","template":"","meta":{"footnotes":""},"class_list":["post-6067","page","type-page","status-publish","hentry"],"yoast_head":"<!-- This site is optimized with the Yoast SEO plugin v26.2 - https:\/\/yoast.com\/wordpress\/plugins\/seo\/ -->\n<title>Pol\u00edtica de privacidad - Numassatges<\/title>\n<meta name=\"robots\" content=\"index, follow, max-snippet:-1, max-image-preview:large, max-video-preview:-1\" \/>\n<link rel=\"canonical\" href=\"https:\/\/www.numassatges.cat\/es\/politica-de-privacidad\/\" \/>\n<meta property=\"og:locale\" content=\"es_ES\" \/>\n<meta property=\"og:type\" content=\"article\" \/>\n<meta property=\"og:title\" content=\"Pol\u00edtica de privacidad - Numassatges\" \/>\n<meta property=\"og:url\" content=\"https:\/\/www.numassatges.cat\/es\/politica-de-privacidad\/\" \/>\n<meta property=\"og:site_name\" content=\"Numassatges\" \/>\n<meta property=\"article:modified_time\" content=\"2022-11-17T08:11:06+00:00\" \/>\n<meta name=\"twitter:card\" content=\"summary_large_image\" \/>\n<meta name=\"twitter:label1\" content=\"Tiempo de lectura\" \/>\n\t<meta name=\"twitter:data1\" content=\"11 minutos\" \/>\n<script type=\"application\/ld+json\" class=\"yoast-schema-graph\">{\"@context\":\"https:\/\/schema.org\",\"@graph\":[{\"@type\":\"WebPage\",\"@id\":\"https:\/\/www.numassatges.cat\/es\/politica-de-privacidad\/\",\"url\":\"https:\/\/www.numassatges.cat\/es\/politica-de-privacidad\/\",\"name\":\"Pol\u00edtica de privacidad - Numassatges\",\"isPartOf\":{\"@id\":\"https:\/\/www.numassatges.cat\/es\/#website\"},\"datePublished\":\"2022-11-16T15:53:39+00:00\",\"dateModified\":\"2022-11-17T08:11:06+00:00\",\"breadcrumb\":{\"@id\":\"https:\/\/www.numassatges.cat\/es\/politica-de-privacidad\/#breadcrumb\"},\"inLanguage\":\"es\",\"potentialAction\":[{\"@type\":\"ReadAction\",\"target\":[\"https:\/\/www.numassatges.cat\/es\/politica-de-privacidad\/\"]}]},{\"@type\":\"BreadcrumbList\",\"@id\":\"https:\/\/www.numassatges.cat\/es\/politica-de-privacidad\/#breadcrumb\",\"itemListElement\":[{\"@type\":\"ListItem\",\"position\":1,\"name\":\"Portada\",\"item\":\"https:\/\/www.numassatges.cat\/es\/inicio\/\"},{\"@type\":\"ListItem\",\"position\":2,\"name\":\"Pol\u00edtica de privacidad\"}]},{\"@type\":\"WebSite\",\"@id\":\"https:\/\/www.numassatges.cat\/es\/#website\",\"url\":\"https:\/\/www.numassatges.cat\/es\/\",\"name\":\"Numassatges\",\"description\":\"Espai de Massatges i Naturopatia Nuri Pujolr\u00e0s\",\"potentialAction\":[{\"@type\":\"SearchAction\",\"target\":{\"@type\":\"EntryPoint\",\"urlTemplate\":\"https:\/\/www.numassatges.cat\/es\/?s={search_term_string}\"},\"query-input\":{\"@type\":\"PropertyValueSpecification\",\"valueRequired\":true,\"valueName\":\"search_term_string\"}}],\"inLanguage\":\"es\"}]}<\/script>\n<!-- \/ Yoast SEO plugin. -->","yoast_head_json":{"title":"Pol\u00edtica de privacidad - Numassatges","robots":{"index":"index","follow":"follow","max-snippet":"max-snippet:-1","max-image-preview":"max-image-preview:large","max-video-preview":"max-video-preview:-1"},"canonical":"https:\/\/www.numassatges.cat\/es\/politica-de-privacidad\/","og_locale":"es_ES","og_type":"article","og_title":"Pol\u00edtica de privacidad - Numassatges","og_url":"https:\/\/www.numassatges.cat\/es\/politica-de-privacidad\/","og_site_name":"Numassatges","article_modified_time":"2022-11-17T08:11:06+00:00","twitter_card":"summary_large_image","twitter_misc":{"Tiempo de lectura":"11 minutos"},"schema":{"@context":"https:\/\/schema.org","@graph":[{"@type":"WebPage","@id":"https:\/\/www.numassatges.cat\/es\/politica-de-privacidad\/","url":"https:\/\/www.numassatges.cat\/es\/politica-de-privacidad\/","name":"Pol\u00edtica de privacidad - Numassatges","isPartOf":{"@id":"https:\/\/www.numassatges.cat\/es\/#website"},"datePublished":"2022-11-16T15:53:39+00:00","dateModified":"2022-11-17T08:11:06+00:00","breadcrumb":{"@id":"https:\/\/www.numassatges.cat\/es\/politica-de-privacidad\/#breadcrumb"},"inLanguage":"es","potentialAction":[{"@type":"ReadAction","target":["https:\/\/www.numassatges.cat\/es\/politica-de-privacidad\/"]}]},{"@type":"BreadcrumbList","@id":"https:\/\/www.numassatges.cat\/es\/politica-de-privacidad\/#breadcrumb","itemListElement":[{"@type":"ListItem","position":1,"name":"Portada","item":"https:\/\/www.numassatges.cat\/es\/inicio\/"},{"@type":"ListItem","position":2,"name":"Pol\u00edtica de privacidad"}]},{"@type":"WebSite","@id":"https:\/\/www.numassatges.cat\/es\/#website","url":"https:\/\/www.numassatges.cat\/es\/","name":"Numassatges","description":"Espai de Massatges i Naturopatia Nuri Pujolr\u00e0s","potentialAction":[{"@type":"SearchAction","target":{"@type":"EntryPoint","urlTemplate":"https:\/\/www.numassatges.cat\/es\/?s={search_term_string}"},"query-input":{"@type":"PropertyValueSpecification","valueRequired":true,"valueName":"search_term_string"}}],"inLanguage":"es"}]}},"_links":{"self":[{"href":"https:\/\/www.numassatges.cat\/es\/wp-json\/wp\/v2\/pages\/6067","targetHints":{"allow":["GET"]}}],"collection":[{"href":"https:\/\/www.numassatges.cat\/es\/wp-json\/wp\/v2\/pages"}],"about":[{"href":"https:\/\/www.numassatges.cat\/es\/wp-json\/wp\/v2\/types\/page"}],"author":[{"embeddable":true,"href":"https:\/\/www.numassatges.cat\/es\/wp-json\/wp\/v2\/users\/1"}],"replies":[{"embeddable":true,"href":"https:\/\/www.numassatges.cat\/es\/wp-json\/wp\/v2\/comments?post=6067"}],"version-history":[{"count":1,"href":"https:\/\/www.numassatges.cat\/es\/wp-json\/wp\/v2\/pages\/6067\/revisions"}],"predecessor-version":[{"id":6069,"href":"https:\/\/www.numassatges.cat\/es\/wp-json\/wp\/v2\/pages\/6067\/revisions\/6069"}],"wp:attachment":[{"href":"https:\/\/www.numassatges.cat\/es\/wp-json\/wp\/v2\/media?parent=6067"}],"curies":[{"name":"wp","href":"https:\/\/api.w.org\/{rel}","templated":true}]}}