{"id":6085,"date":"2022-11-17T08:54:24","date_gmt":"2022-11-17T08:54:24","guid":{"rendered":"https:\/\/www.numassatges.cat\/condiciones-de-contratacion\/"},"modified":"2022-11-17T08:54:24","modified_gmt":"2022-11-17T08:54:24","slug":"condiciones-de-contratacion","status":"publish","type":"page","link":"https:\/\/www.numassatges.cat\/es\/condiciones-de-contratacion\/","title":{"rendered":"Condiciones de Contrataci\u00f3n"},"content":{"rendered":"<div class=\"fusion-fullwidth fullwidth-box fusion-builder-row-1 fusion-flex-container nonhundred-percent-fullwidth non-hundred-percent-height-scrolling\" style=\"background-color: rgba(255,255,255,0);background-position: center center;background-repeat: no-repeat;border-width: 0px 0px 0px 0px;border-color:#eae9e9;border-style:solid;\" ><div class=\"fusion-builder-row fusion-row fusion-flex-align-items-flex-start\" style=\"max-width:1216.8px;margin-left: calc(-4% \/ 2 );margin-right: calc(-4% \/ 2 );\"><div class=\"fusion-layout-column fusion_builder_column fusion-builder-column-0 fusion_builder_column_1_1 1_1 fusion-flex-column\"><div class=\"fusion-column-wrapper fusion-flex-justify-content-flex-start fusion-content-layout-column\" style=\"background-position:left top;background-repeat:no-repeat;-webkit-background-size:cover;-moz-background-size:cover;-o-background-size:cover;background-size:cover;padding: 0px 0px 0px 0px;\"><style type=\"text\/css\">@media only screen and (max-width:1024px) {.fusion-title.fusion-title-1{margin-top:0px!important; margin-right:!important;margin-bottom:30px!important;margin-left:!important;}}<\/style><div class=\"fusion-title title fusion-title-1 fusion-title-text fusion-title-size-one\" style=\"margin-top:0px;margin-bottom:30px;\"><div class=\"title-sep-container title-sep-container-left fusion-no-large-visibility fusion-no-medium-visibility fusion-no-small-visibility\"><div class=\"title-sep sep-\" style=\"border-color:var(--awb-color3);\"><\/div><\/div><span class=\"awb-title-spacer fusion-no-large-visibility fusion-no-medium-visibility fusion-no-small-visibility\"><\/span><h1 class=\"title-heading-left fusion-responsive-typography-calculated\" style=\"margin:0;text-transform:capitalize;--fontSize:50;line-height:var(--awb-typography1-line-height);\"><p class=\"p1\"><b>Condiciones de Contrataci\u00f3n<\/b><\/p><\/h1><span class=\"awb-title-spacer\"><\/span><div class=\"title-sep-container title-sep-container-right\"><div class=\"title-sep sep-\" style=\"border-color:var(--awb-color3);\"><\/div><\/div><\/div><div class=\"fusion-text fusion-text-1\"><p class=\"p1\">Estas Condiciones de Contrataci\u00f3n regulan la compra de los Vales Regalo ofrecidos a trav\u00e9s de la web www.numassatges.cat , titularidad <span class=\"Apple-converted-space\">d<\/span>e <b>NURI PUJOLR\u00c0S BAR\u00d3<\/b>, <span class=\"Apple-converted-space\">con<\/span> NIF 40321801H; domicilio <span class=\"Apple-converted-space\">en<\/span> la Calle San Bartolom\u00e9 5, 17310 Lloret de Mar, tel\u00e9fono 626371696, <span class=\"Apple-converted-space\">email<\/span>: nuri@numassatges.cat, en adelante \u201c la Empresa \u201d <span class=\"Apple-converted-space\">o<\/span> \u201c Nuri Pujolr\u00e0s \u201d .<\/p>\n<p class=\"p1\">En este documento nos referiremos al \u00abCliente\u00bb, que es la persona f\u00edsica que adquiere el Vale Regalo ofrecido a trav\u00e9s de la web y \u00bb la Empresa \u00bb o \u201c NURI PUJOLR\u00c0S BAR\u00d3\u201d, que somos nosotros.<\/p>\n<p class=\"p1\">Los Vales Regalo se adquieren directamente a la Empresa quien act\u00faa como vendedora directa, por tanto, el contrato de venta de los Vales Regalo se realiza entre el Cliente y la Empresa.<\/p>\n<p class=\"p1\">El Cliente debe leer y aceptar las presentes Condiciones y la informaci\u00f3n de los Vales Regalo que quiera adquirir antes de proceder a su compra. Esta aceptaci\u00f3n se realizar\u00e1 de forma expresa clicando en la casilla de aceptaci\u00f3n de las Condiciones de Contrataci\u00f3n que aparecer\u00e1 durante el proceso de compra. Al hacerlo, el Cliente confirma que es mayor de edad y que tiene la capacidad legal para adquirir los Vales Regalo ofrecidos por la Empresa.<\/p>\n<p class=\"p1\">En el momento de formalizar la compra \u00e9sta se entender\u00e1 perfeccionada de pleno derecho y desde ese instante los precios y condiciones tendr\u00e1n car\u00e1cter contractual, por lo que \u00fanicamente podr\u00e1n ser modificados por el acuerdo expreso de las partes contratantes.<\/p>\n<p class=\"p1\">El documento electr\u00f3nico en el que se formalice el contrato se archivar\u00e1 por la Empresa durante un a\u00f1o, en idioma espa\u00f1ol o catal\u00e1n, dependiendo del idioma escogido por el Cliente para su navegaci\u00f3n en la web, <span class=\"Apple-converted-space\">y e<\/span>l Cliente durante este per\u00edodo podr\u00e1 obtener una copia.<\/p>\n<p class=\"p1\">Los datos personales de los Clientes ser\u00e1n tratados por la Empresa de conformidad con el Reglamento (UE) 2016\/679 del Parlamento Europeo y del Consejo, de 27 de abril de 2016, (RGPD), y la Ley Org\u00e1nica 3\/2018, de 5 de diciembre, de protecci\u00f3n de datos personales y garant\u00eda de los derechos digitales (LOPDGDD). l Cliente puede ejercitar los derechos de acceso, rectificaci\u00f3n, limitaci\u00f3n de tratamiento, supresi\u00f3n, portabilidad y oposici\u00f3n, dirigi\u00e9ndose a la Empresa. En la pol\u00edtica de privacidad de esta web el Cliente encontrar\u00e1 informaci\u00f3n adicional y detallada sobre el tratamiento de sus datos personales que realiza la Empresa.<\/p>\n<ol class=\"ol1\">\n<li class=\"li3\"><span class=\"s1\">OBLIGACIONES DEL CLIENTE<\/span><\/li>\n<\/ol>\n<p class=\"p1\">El Cliente se obliga a todos los efectos a utilizar la web y, en su caso, a adquirir los Vales Regalo ofrecidos por la Empresa, de conformidad con la ley y lo establecido en estas Condiciones de Contrataci\u00f3n.<\/p>\n<p class=\"p1\">La Empresa se reserva el derecho de suprimir de la web cualquier comentario u opini\u00f3n de los Clientes que sea contrario a la legalidad vigente, especialmente en los casos en que vulnere los derechos y libertades fundamentales de las personas.<\/p>\n<ol class=\"ol1\">\n<li class=\"li4\"><span class=\"s1\">PRECIOS<\/span><\/li>\n<\/ol>\n<p class=\"p4\">Todos los importes expuestos en la lista de nuestros Vales Regalo son en Euros e incluyen el Impuesto sobre el Valor A\u00f1adido (IVA). Si el Cliente dispone de un c\u00f3digo promocional deber\u00e1 introducirlo durante el proceso de compra para obtener las ventajas asociadas a ese c\u00f3digo. <span class=\"Apple-converted-space\"> <\/span><\/p>\n<p class=\"p4\">En el resumen final de compra, antes de realizar el pago, aparecer\u00e1 su precio definitivo, indicando la cantidad correspondiente a los impuestos aplicables.<\/p>\n<ol class=\"ol1\">\n<li class=\"li4\"><span class=\"s1\">PROCEDIMIENTO DE COMPRA Y FORMA DE PAGO DE LOS VALES REGALO<\/span><\/li>\n<\/ol>\n<p class=\"p4\">El proceso de compra del Vale Regalo se realiza mediante los servicios de la empresa Squareup International Limited, con sede en Irlanda, que proporciona el canal de compra de los Vales Regalos. Squareup es una entidad autorizada y sujeta a la supervisi\u00f3n del Banco Central de Irlanda. El Cliente puede visitar su pol\u00edtica de privacidad en <a href=\"https:\/\/squareup.com\/es\/es\/legal\/general\/privacy\"><span class=\"s2\">https:\/\/squareup.com\/es\/es\/legal\/general\/privacy<\/span><\/a><span class=\"Apple-converted-space\"> <\/span><\/p>\n<p class=\"p4\">El Cliente seleccionar\u00e1 en la web el Vale Regalo que quiera adquirir. El Cliente tambi\u00e9n puede escoger un Vale Regalo con el importe que desee siempre que est\u00e9 comprendido entre los 50<span class=\"Apple-converted-space\">  <\/span>y los 250 euros.<\/p>\n<p class=\"p4\">El Cliente deber\u00e1 poner su nombre y su email y los datos de la persona beneficiaria del Vale Regalo, si \u00e9ste no es para su uso personal. El Cliente es el \u00fanico responsable de tener el consentimiento del beneficiario para introducir sus datos personales en el formulario de copra del Vale Regalo.<span class=\"Apple-converted-space\">   <\/span><\/p>\n<p class=\"p4\">Antes de realizar la compra se le mostrar\u00e1 al Cliente un resumen de los Vales Regalo que desea adquirir con su precio y el Cliente podr\u00e1 realizar los cambios que considere oportunos. Para formalizar la compra el Cliente deber\u00e1 clicar en la casilla de aceptaci\u00f3n de la Pol\u00edtica de Privacidad y de las Condiciones de Contrataci\u00f3n. En ese momento tambi\u00e9n tendr\u00e1 que elegir la forma de pago e introducir los datos de su tarjeta de cr\u00e9dito con la que realizar\u00e1 el pago, o del servicio de pago disponible, y aceptar la realizaci\u00f3n del pago. na vez efectuado el pago la Empresa enviar\u00e1 al correo electr\u00f3nico del Cliente un e-mail justificando su recepci\u00f3n en el plazo m\u00e1ximo de las 24 horas siguientes a su realizaci\u00f3n junto con el Vale Regalo o enviar\u00e1 el Vale Regalo a la direcci\u00f3n del benificiario que haya designado el Cliente en el momento de realizar la compra.<\/p>\n<p class=\"p4\">El contrato no se considerar\u00e1 perfeccionado hasta la recepci\u00f3n por la Empresa del pago del precio del Vale Regalo.<\/p>\n<p class=\"p4\">Todas las transacciones que se realicen a trav\u00e9s del TPV Virtual tendr\u00e1n todas las garant\u00edas de seguridad, confidencialidad e integridad para los agentes participantes. Las transacciones se realizar\u00e1n en tiempo real, por lo que la autorizaci\u00f3n de la operaci\u00f3n se comunica a la Empresa y al Cliente en el momento. Este sistema incorpora los \u00faltimos protocolos de comercio electr\u00f3nico desarrollados por VISA y MasterCard, que permiten identificar al comprador que utiliza su tarjeta como medio de pago en una tienda virtual.<\/p>\n<p class=\"p4\">Los datos sobre su tarjeta de cr\u00e9dito son introducidos directamente en la p\u00e1gina del banco, en el TPV (Terminal Punto de venta de Banco) y no son introducidos ni registrados en ning\u00fan servidor de la Empresa.<\/p>\n<p class=\"p4\">El Cliente ser\u00e1 responsable de la veracidad de los datos personales que facilite y, en particular, se responsabiliza de que las tarjetas de cr\u00e9dito o d\u00e9bito que utilice sean de su propiedad y que cuenten con fondos suficientes para cubrir el coste de los Vales Regalo que quiera adquirir. La Empresa se reserva el derecho de denegar esta forma de pago en caso de tarjeta denegada o datos falsos. Asimismo, el Cliente deber\u00e1 notificar a la Empresa a trav\u00e9s del correo electr\u00f3nico, cualquier cargo indebido o fraudulento a la tarjeta utilizada para compras en la web tan pronto tenga conocimiento de la misma.<\/p>\n<p class=\"p4\">El Cliente puede obtener una copia de la factura pidiendo por email a la Empresa. El Cliente autoriza a la Empresa a enviarle la factura en formato electr\u00f3nico.<\/p>\n<ol class=\"ol1\">\n<li class=\"li3\"><span class=\"s1\">DERECHO DE DESISTIMIENTO<\/span><\/li>\n<\/ol>\n<p class=\"p6\">De conformidad con los art\u00edculos 102 y siguientes de Real Decreto Legislativo 1\/2007, de 16 de noviembre, por el que se aprueba el texto refundido de la Ley General para la Defensa de los Consumidores y Usuarios y otras leyes complementarias (TRLGDCU), el Cliente que tenga la condici\u00f3n de consumidor o Cliente de conformidad con la definici\u00f3n establecida en el art\u00edculo 3 del citado Real Decreto Legislativo, podr\u00e1 desistir de la compra efectuada por el motivo que sea, en un plazo de <b>14 d\u00edas naturales<\/b> desde la recepci\u00f3n del Vale Regalo.<span class=\"Apple-converted-space\"> <\/span><\/p>\n<p class=\"p1\">Para ejercer el derecho de desistimiento, el Cliente deber\u00e1 notificarnos su decisi\u00f3n de desistir del contrato a trav\u00e9s de una declaraci\u00f3n inequ\u00edvoca que podr\u00e1 enviarnos por correo postal o por correo electr\u00f3nico, a las direcciones que constan en el principio de estas Condiciones. Si lo desea puede utilizar el siguiente formulario:<\/p>\n<p class=\"p8\"><span class=\"s3\">Formulario de desistimiento<\/span><\/p>\n<p class=\"p8\">(S\u00f3lo debe rellenar y enviar el presente formulario si desea desistir del contrato)<\/p>\n<p class=\"p8\">A la atenci\u00f3n d<span class=\"Apple-converted-space\">e<\/span> NURI PUJOLR\u00c0S BAR\u00d3<\/p>\n<p class=\"p1\">Calle San Bartolom\u00e9 5, <span class=\"Apple-converted-space\">1<\/span>731<span class=\"Apple-converted-space\">0<\/span> Lloret de Mar<\/p>\n<p class=\"p8\">&#8211; Por la presente les comunico que desisto de mi contrato de compra del siguiente Vale Regalo: _________________________________________________________________________________<\/p>\n<p class=\"p8\">&#8211; Pedido n. _______________________, realizada el d\u00eda:____________________<\/p>\n<p class=\"p8\">&#8211; Nombre y apellidos: ___________________________________________________________<\/p>\n<p class=\"p8\">&#8211; Domicilio: ____________________________________________________________________<\/p>\n<p class=\"p10\"><span class=\"s4\">&#8211; <\/span>Firma (S\u00f3lo si el presente formulario se presenta en papel)<\/p>\n<p class=\"p8\">&#8211; Fecha: _____________________<\/p>\n<p class=\"p12\">En caso de desistimiento la Empresa anular\u00e1 el Vale Regalo y realizar\u00e1 el reembolso antes de que hayan transcurrido 14 d\u00edas naturales desde la fecha en que haya sido informado por el Cliente de la decisi\u00f3n de desistir de la compra.<\/p>\n<ol class=\"ol1\">\n<li class=\"li4\"><span class=\"s1\">PRESTACI\u00d3N DEL SERVICIO Y CADUCIDAD<\/span><\/li>\n<\/ol>\n<p class=\"p12\">El beneficiario del Vale Regalo tendr\u00e1 que ponerse en contacto con NURI PUJOLR\u00c0S antes del plazo de caducidad indicado en el Vale, en el tel\u00e9fono o email que encontrar\u00e1 en \u00e9l, para concertar el d\u00eda y hora de realizaci\u00f3n del masaje, momento en que el beneficiario deber\u00e1 presentar el Vale Regalo.<\/p>\n<p class=\"p1\">Si el beneficiario del Vale Regalo quisiera cambiar el masaje con el que ha sido obsequiado por el Cliente, deber\u00e1 solicitarlo a NURI PUJOLR\u00c0S a fin de consensuar el cambio.<\/p>\n<p class=\"p1\">Los masajes se realizar\u00e1n en el centro situado en la calle Sant Bartomeu, 5, Lloret de Mar.<span class=\"Apple-converted-space\"> <\/span><\/p>\n<p class=\"p1\">El Vale Regalo corresponde a un masaje de 1h aprox. 45\u20ac y 1,30h aprox. 65\u20ac.<\/p>\n<p class=\"p1\">El Vale Regalo tendr\u00e1 validez de seis meses desde su compra.<\/p>\n<p class=\"p1\">Si el Vale Regalo hubiese caducado no se prestar\u00e1 el servicio, ni se reintegrar\u00e1 su valor, pero el valor del Vale Regalo se podr\u00e1 utilizar por otro servicio ofrecido por la Empresa.<\/p>\n<ol class=\"ol1\">\n<li class=\"li3\"><span class=\"s1\">SERVICIO DE ATENCI\u00d3N AL CLIENTE<\/span><\/li>\n<\/ol>\n<p class=\"p1\">Para cualquier comunicaci\u00f3n, incidencia o reclamaci\u00f3n el cliente puede enviar una comunicaci\u00f3n a la Empresa mediante la direcci\u00f3n de correo electr\u00f3nico nuri@numassatges.cat<\/p>\n<ol class=\"ol1\">\n<li class=\"li3\"><span class=\"s1\">NULIDAD DE LAS CL\u00c1USULAS<\/span><\/li>\n<\/ol>\n<p class=\"p1\">Si cualquier cl\u00e1usula incluida en estas Condiciones fuese declarada, total o parcialmente, nula o ineficaz, tal nulidad o ineficacia afectar\u00e1 s\u00f3lo a aquella cl\u00e1usula o a la parte de la misma que resulte nula o ineficaz, subsistiendo el resto de las Condiciones de Contrataci\u00f3n.<\/p>\n<ol class=\"ol1\">\n<li class=\"li3\"><span class=\"s1\">NOTIFICACIONES<\/span><\/li>\n<\/ol>\n<p class=\"p1\">Cualquier notificaci\u00f3n o requerimiento que deban hacerse las partes en relaci\u00f3n a la contrataci\u00f3n de Vales Regalo o con estas Condiciones Generales, se realizar\u00e1 por escrito y se entender\u00e1 que ha sido debidamente realizada si ha sido enviada al correo electr\u00f3nico que a estos efectos, cada parte pueda indicar a la otra.<\/p>\n<ol class=\"ol1\">\n<li class=\"li3\"><span class=\"s1\">LEGISLACI\u00d3N APLICABLE Y JURISDICCI\u00d3N COMPETENTE<\/span><\/li>\n<\/ol>\n<p class=\"p1\">Las presentes Condiciones Generales se regir\u00e1n e interpretar\u00e1n con arreglo a las Leyes de Espa\u00f1a.<\/p>\n<p class=\"p1\">Cualquier controversia que surja en la aplicaci\u00f3n o interpretaci\u00f3n de las presentes condiciones, as\u00ed como los contratos existentes entre las partes, se someter\u00e1n a los Juzgados y Tribunales en el domicilio del Cliente, cuando \u00e9ste tenga la condici\u00f3n de consumidor o usuario de conformidad con el art. 3 del Real decreto legislativo 1\/2007, de 16 de noviembre, por el que se aprueba el texto refundido de la Ley general para la defensa de los consumidores y usuarios y otras leyes complementarias; en caso contrario, ser\u00e1n competentes los Juzgados y Tribunales del domicilio de<span class=\"Apple-converted-space\">  <\/span>NURI PUJOLR\u00c0S BAR\u00d3.<\/p>\n<ol class=\"ol1\">\n<li class=\"li3\"><span class=\"s1\">INFORMACI\u00d3N SOBRE RESOLUCI\u00d3N DE LITIGIOS<\/span><\/li>\n<\/ol>\n<p class=\"p6\">Resoluci\u00f3n de litigios on-line de acuerdo con el art. 14.1 del Reglamento (UE) 524\/2013: La Comisi\u00f3n Europea facilita una plataforma de resoluci\u00f3n de litigios online, la cual se encuentra disponible en el siguiente enlace: <a href=\"https:\/\/ec.europa.eu\/consumers\/odr\/main\/index.cfm?event=main.home.show&amp;lng=ES\"><span class=\"s2\">https:\/\/ec.europa.eu\/consumers\/odr\/main\/index.cfm?event=main.home.show&amp;lng=ES<\/span><\/a><\/p>\n<p class=\"p1\">La Empresa se reserva el derecho a realizar cambios en cualquier momento en nuestro sitio web, as\u00ed como en estas Condiciones Generales. Los cambios de elementos esenciales no afectar\u00e1n a los contratos ya estipulados, salvo que el Cliente haya aceptado expresamente las condiciones modificadas.<\/p>\n<\/div><\/div><style type=\"text\/css\">.fusion-body .fusion-builder-column-0{width:100% !important;margin-top : 0px;margin-bottom : 20px;}.fusion-builder-column-0 > .fusion-column-wrapper {padding-top : 0px !important;padding-right : 0px !important;margin-right : 1.92%;padding-bottom : 0px !important;padding-left : 0px !important;margin-left : 1.92%;}@media only screen and (max-width:1024px) {.fusion-body .fusion-builder-column-0{width:100% !important;order : 0;}.fusion-builder-column-0 > .fusion-column-wrapper {margin-right : 1.92%;margin-left : 1.92%;}}@media only screen and (max-width:640px) {.fusion-body .fusion-builder-column-0{width:100% !important;order : 0;}.fusion-builder-column-0 > .fusion-column-wrapper {margin-right : 1.92%;margin-left : 1.92%;}}<\/style><\/div><\/div><style type=\"text\/css\">.fusion-body .fusion-flex-container.fusion-builder-row-1{ padding-top : 0px;margin-top : 0px;padding-right : 0px;padding-bottom : 0px;margin-bottom : 0px;padding-left : 0px;}<\/style><\/div>\n","protected":false},"excerpt":{"rendered":"","protected":false},"author":1,"featured_media":0,"parent":0,"menu_order":0,"comment_status":"closed","ping_status":"closed","template":"","meta":{"footnotes":""},"class_list":["post-6085","page","type-page","status-publish","hentry"],"yoast_head":"<!-- This site is optimized with the Yoast SEO plugin v26.2 - https:\/\/yoast.com\/wordpress\/plugins\/seo\/ -->\n<title>Condiciones de Contrataci\u00f3n - Numassatges<\/title>\n<meta name=\"robots\" content=\"index, follow, max-snippet:-1, max-image-preview:large, max-video-preview:-1\" \/>\n<link rel=\"canonical\" href=\"https:\/\/www.numassatges.cat\/es\/condiciones-de-contratacion\/\" \/>\n<meta property=\"og:locale\" content=\"es_ES\" \/>\n<meta property=\"og:type\" content=\"article\" \/>\n<meta property=\"og:title\" content=\"Condiciones de Contrataci\u00f3n - Numassatges\" \/>\n<meta property=\"og:url\" content=\"https:\/\/www.numassatges.cat\/es\/condiciones-de-contratacion\/\" \/>\n<meta property=\"og:site_name\" content=\"Numassatges\" \/>\n<meta name=\"twitter:card\" content=\"summary_large_image\" \/>\n<meta name=\"twitter:label1\" content=\"Tiempo de lectura\" \/>\n\t<meta name=\"twitter:data1\" content=\"14 minutos\" \/>\n<script type=\"application\/ld+json\" class=\"yoast-schema-graph\">{\"@context\":\"https:\/\/schema.org\",\"@graph\":[{\"@type\":\"WebPage\",\"@id\":\"https:\/\/www.numassatges.cat\/es\/condiciones-de-contratacion\/\",\"url\":\"https:\/\/www.numassatges.cat\/es\/condiciones-de-contratacion\/\",\"name\":\"Condiciones de Contrataci\u00f3n - Numassatges\",\"isPartOf\":{\"@id\":\"https:\/\/www.numassatges.cat\/es\/#website\"},\"datePublished\":\"2022-11-17T08:54:24+00:00\",\"breadcrumb\":{\"@id\":\"https:\/\/www.numassatges.cat\/es\/condiciones-de-contratacion\/#breadcrumb\"},\"inLanguage\":\"es\",\"potentialAction\":[{\"@type\":\"ReadAction\",\"target\":[\"https:\/\/www.numassatges.cat\/es\/condiciones-de-contratacion\/\"]}]},{\"@type\":\"BreadcrumbList\",\"@id\":\"https:\/\/www.numassatges.cat\/es\/condiciones-de-contratacion\/#breadcrumb\",\"itemListElement\":[{\"@type\":\"ListItem\",\"position\":1,\"name\":\"Portada\",\"item\":\"https:\/\/www.numassatges.cat\/es\/inicio\/\"},{\"@type\":\"ListItem\",\"position\":2,\"name\":\"Condiciones de Contrataci\u00f3n\"}]},{\"@type\":\"WebSite\",\"@id\":\"https:\/\/www.numassatges.cat\/es\/#website\",\"url\":\"https:\/\/www.numassatges.cat\/es\/\",\"name\":\"Numassatges\",\"description\":\"Espai de Massatges i Naturopatia Nuri Pujolr\u00e0s\",\"potentialAction\":[{\"@type\":\"SearchAction\",\"target\":{\"@type\":\"EntryPoint\",\"urlTemplate\":\"https:\/\/www.numassatges.cat\/es\/?s={search_term_string}\"},\"query-input\":{\"@type\":\"PropertyValueSpecification\",\"valueRequired\":true,\"valueName\":\"search_term_string\"}}],\"inLanguage\":\"es\"}]}<\/script>\n<!-- \/ Yoast SEO plugin. -->","yoast_head_json":{"title":"Condiciones de Contrataci\u00f3n - Numassatges","robots":{"index":"index","follow":"follow","max-snippet":"max-snippet:-1","max-image-preview":"max-image-preview:large","max-video-preview":"max-video-preview:-1"},"canonical":"https:\/\/www.numassatges.cat\/es\/condiciones-de-contratacion\/","og_locale":"es_ES","og_type":"article","og_title":"Condiciones de Contrataci\u00f3n - Numassatges","og_url":"https:\/\/www.numassatges.cat\/es\/condiciones-de-contratacion\/","og_site_name":"Numassatges","twitter_card":"summary_large_image","twitter_misc":{"Tiempo de lectura":"14 minutos"},"schema":{"@context":"https:\/\/schema.org","@graph":[{"@type":"WebPage","@id":"https:\/\/www.numassatges.cat\/es\/condiciones-de-contratacion\/","url":"https:\/\/www.numassatges.cat\/es\/condiciones-de-contratacion\/","name":"Condiciones de Contrataci\u00f3n - Numassatges","isPartOf":{"@id":"https:\/\/www.numassatges.cat\/es\/#website"},"datePublished":"2022-11-17T08:54:24+00:00","breadcrumb":{"@id":"https:\/\/www.numassatges.cat\/es\/condiciones-de-contratacion\/#breadcrumb"},"inLanguage":"es","potentialAction":[{"@type":"ReadAction","target":["https:\/\/www.numassatges.cat\/es\/condiciones-de-contratacion\/"]}]},{"@type":"BreadcrumbList","@id":"https:\/\/www.numassatges.cat\/es\/condiciones-de-contratacion\/#breadcrumb","itemListElement":[{"@type":"ListItem","position":1,"name":"Portada","item":"https:\/\/www.numassatges.cat\/es\/inicio\/"},{"@type":"ListItem","position":2,"name":"Condiciones de Contrataci\u00f3n"}]},{"@type":"WebSite","@id":"https:\/\/www.numassatges.cat\/es\/#website","url":"https:\/\/www.numassatges.cat\/es\/","name":"Numassatges","description":"Espai de Massatges i Naturopatia Nuri Pujolr\u00e0s","potentialAction":[{"@type":"SearchAction","target":{"@type":"EntryPoint","urlTemplate":"https:\/\/www.numassatges.cat\/es\/?s={search_term_string}"},"query-input":{"@type":"PropertyValueSpecification","valueRequired":true,"valueName":"search_term_string"}}],"inLanguage":"es"}]}},"_links":{"self":[{"href":"https:\/\/www.numassatges.cat\/es\/wp-json\/wp\/v2\/pages\/6085","targetHints":{"allow":["GET"]}}],"collection":[{"href":"https:\/\/www.numassatges.cat\/es\/wp-json\/wp\/v2\/pages"}],"about":[{"href":"https:\/\/www.numassatges.cat\/es\/wp-json\/wp\/v2\/types\/page"}],"author":[{"embeddable":true,"href":"https:\/\/www.numassatges.cat\/es\/wp-json\/wp\/v2\/users\/1"}],"replies":[{"embeddable":true,"href":"https:\/\/www.numassatges.cat\/es\/wp-json\/wp\/v2\/comments?post=6085"}],"version-history":[{"count":0,"href":"https:\/\/www.numassatges.cat\/es\/wp-json\/wp\/v2\/pages\/6085\/revisions"}],"wp:attachment":[{"href":"https:\/\/www.numassatges.cat\/es\/wp-json\/wp\/v2\/media?parent=6085"}],"curies":[{"name":"wp","href":"https:\/\/api.w.org\/{rel}","templated":true}]}}